{"id":623,"date":"2019-08-08T15:29:24","date_gmt":"2019-08-08T13:29:24","guid":{"rendered":"https:\/\/www.stiklestadpilgrimcenter.org\/?post_type=product&#038;p=623"},"modified":"2021-01-21T21:27:54","modified_gmt":"2021-01-21T20:27:54","slug":"pilgrim-passport","status":"publish","type":"product","link":"https:\/\/www.stiklestadpilgrimcenter.org\/en_gb\/product\/pilgrim-passport\/","title":{"rendered":"Pilgrim passports. For resale only."},"content":{"rendered":"","protected":true},"excerpt":{"rendered":"","protected":true},"featured_media":54,"comment_status":"open","ping_status":"closed","template":"","meta":{"spay_email":""},"jetpack_publicize_connections":[],"jetpack_sharing_enabled":true,"jetpack-related-posts":[{"id":5346,"url":"https:\/\/www.stiklestadpilgrimcenter.org\/en_gb\/product\/guidet-pilegrimsvandring-fra-stiklestad-til-nidarosdomen\/","url_meta":{"origin":623,"position":0},"title":"Guidet pilegrimsvandring fra Stiklestad til Nidarosdomen","date":"January 27, 2021","format":false,"excerpt":"Tidsrom: 30. august\u00a0 - 6. september 2021 Guidet pilegrimsvandring fra Stiklestad til Trondheim med Mindfulness og Qigong. Stiklestad pilegrimsenter inviterer deg til \u00e5 bli med \u200b\u200bp\u00e5 pilegrimsvandring fra Stiklestad til Trondheim gjennom det historiske og vakre tr\u00f8nderske landskapet. P\u00e5 v\u00e5re guidede turer i 2021 venter det fantastiske naturopplevelser og kunnskap\u2026","rel":"","context":"Similar post","img":{"alt_text":"","src":"https:\/\/i2.wp.com\/www.stiklestadpilgrimcenter.org\/wp-content\/uploads\/2021\/01\/Nyvatnet-scaled.jpg?resize=350%2C200&ssl=1","width":350,"height":200},"classes":[]},{"id":4966,"url":"https:\/\/www.stiklestadpilgrimcenter.org\/en_gb\/product\/fra-kloster-til-kloster-munkeby-tautra\/","url_meta":{"origin":623,"position":1},"title":"UTSOLGT Fra kloster til kloster. Munkeby &#8211; Tautra 2021","date":"April 3, 2020","format":false,"excerpt":"28. Juli - 1. August 2021 Vandring i flatt terreng langs Trondheimsfjorden Vi inviterer til en 5-dagers pilegrimsvandring fra Munkeby kloster til Tautra kloster. Turen guides av DIALOG - \u00a0Jorun Mari B\u00f8rstad. Denne turen guides p\u00e5 norsk. This pilgrimage is guided in Norwegian.","rel":"","context":"Similar post","img":{"alt_text":"","src":"https:\/\/i2.wp.com\/www.stiklestadpilgrimcenter.org\/wp-content\/uploads\/2019\/10\/12932984_1584314968553093_1881945112386744727_n.jpg?resize=350%2C200&ssl=1","width":350,"height":200},"classes":[]}],"_links":{"self":[{"href":"https:\/\/www.stiklestadpilgrimcenter.org\/en_gb\/wp-json\/wp\/v2\/product\/623"}],"collection":[{"href":"https:\/\/www.stiklestadpilgrimcenter.org\/en_gb\/wp-json\/wp\/v2\/product"}],"about":[{"href":"https:\/\/www.stiklestadpilgrimcenter.org\/en_gb\/wp-json\/wp\/v2\/types\/product"}],"replies":[{"embeddable":true,"href":"https:\/\/www.stiklestadpilgrimcenter.org\/en_gb\/wp-json\/wp\/v2\/comments?post=623"}],"wp:featuredmedia":[{"embeddable":true,"href":"https:\/\/www.stiklestadpilgrimcenter.org\/en_gb\/wp-json\/wp\/v2\/media\/54"}],"wp:attachment":[{"href":"https:\/\/www.stiklestadpilgrimcenter.org\/en_gb\/wp-json\/wp\/v2\/media?parent=623"}],"curies":[{"name":"wp","href":"https:\/\/api.w.org\/{rel}","templated":true}]}}