{"id":2,"date":"2017-02-02T20:04:45","date_gmt":"2017-02-02T20:04:45","guid":{"rendered":"http:\/\/www.stiklestadpilgrimcenter.org\/?page_id=2"},"modified":"2020-01-28T17:02:08","modified_gmt":"2020-01-28T16:02:08","slug":"sites","status":"publish","type":"page","link":"https:\/\/www.stiklestadpilgrimcenter.org\/nb\/sites\/","title":{"rendered":"Nyttige linker"},"content":{"rendered":"<p><a href=\"https:\/\/www.stiklestadpilgrimcenter.org\/nb\/infomagazine-2020\/\">Infomagazines 2020 &#8211; Norwegian and English<\/a><\/p>\n<p>There are two official information webpages about S:t Olavsleden. On these sites you&#8217;ll find maps, information about accomodation, contact information to the various local pilgrim centers, pilgrim hiking tips, tour offers and more.<\/p>\n<p>For maps an info ablout the trail, take a look at <strong><a href=\"http:\/\/stolavsleden.com\">stolavsleden.com<\/a><\/strong><\/p>\n<h3>Other sites<\/h3>\n<p><a href=\"http:\/\/www.stolavsledenshop.se\/\">S:T Olavsleden Shop<\/a> &#8211; Guide books for St. Olavsleden, hiking products and souvernirs<\/p>\n<p>Pilegrimsleden.no \u00a0&#8211;<a href=\"http:\/\/pilegrimsleden.no\/en\/suggestions\/package\" target=\"_blank\" rel=\"noopener noreferrer\"> packages<\/a><\/p>\n<h3>Facebook pages and groups<\/h3>\n<p><a href=\"https:\/\/www.facebook.com\/StOlavsleden\/\" target=\"_blank\" rel=\"noopener noreferrer\">S:t Olavsleden page<\/a><\/p>\n<p><a href=\"https:\/\/www.facebook.com\/groups\/hikingstolavsleden\/?fref=ts\" target=\"_blank\" rel=\"noopener noreferrer\">Hiking along St. Olavsleden group<\/a><\/p>\n<p><a href=\"https:\/\/www.facebook.com\/groups\/stolavsledensintressenter\/?fref=ts\" target=\"_blank\" rel=\"noopener noreferrer\">S:t Olavsledens intressenter group<\/a><\/p>\n<hr \/>\n<h1>Guidebooks for S:t Olavsleden<\/h1>\n<h5>These books are sold at external sites.<\/h5>\n<h3><a href=\"http:\/\/www.vildmarksbiblioteket.se\/produkter\/st-olavsleden-pilgrimsfard-fran-hav-till-hav-en-guide-86433536\"><img data-attachment-id=\"40\" data-permalink=\"https:\/\/www.stiklestadpilgrimcenter.org\/nb\/sites\/soderlund\/\" data-orig-file=\"https:\/\/www.stiklestadpilgrimcenter.org\/wp-content\/uploads\/2017\/02\/S\u00f6derlund.jpeg\" data-orig-size=\"356,550\" data-comments-opened=\"1\" data-image-meta=\"{&quot;aperture&quot;:&quot;0&quot;,&quot;credit&quot;:&quot;&quot;,&quot;camera&quot;:&quot;&quot;,&quot;caption&quot;:&quot;&quot;,&quot;created_timestamp&quot;:&quot;0&quot;,&quot;copyright&quot;:&quot;&quot;,&quot;focal_length&quot;:&quot;0&quot;,&quot;iso&quot;:&quot;0&quot;,&quot;shutter_speed&quot;:&quot;0&quot;,&quot;title&quot;:&quot;&quot;,&quot;orientation&quot;:&quot;0&quot;}\" data-image-title=\"S\u00f6derlund\" data-image-description=\"\" data-image-caption=\"\" data-medium-file=\"https:\/\/www.stiklestadpilgrimcenter.org\/wp-content\/uploads\/2017\/02\/S\u00f6derlund-194x300.jpeg\" data-large-file=\"https:\/\/www.stiklestadpilgrimcenter.org\/wp-content\/uploads\/2017\/02\/S\u00f6derlund.jpeg\" loading=\"lazy\" class=\"hoverZoomLink alignleft wp-image-40\" src=\"https:\/\/i2.wp.com\/www.stiklestadpilgrimcenter.org\/wp-content\/uploads\/2017\/02\/S\u00f6derlund-194x300.jpeg?resize=100%2C154\" alt=\"\" width=\"100\" height=\"154\" srcset=\"https:\/\/i0.wp.com\/www.stiklestadpilgrimcenter.org\/wp-content\/uploads\/2017\/02\/S\u00f6derlund.jpeg?resize=194%2C300&amp;ssl=1 194w, https:\/\/i0.wp.com\/www.stiklestadpilgrimcenter.org\/wp-content\/uploads\/2017\/02\/S\u00f6derlund.jpeg?w=356&amp;ssl=1 356w\" sizes=\"(max-width: 100px) 100vw, 100px\" data-recalc-dims=\"1\" \/><\/a><\/h3>\n<p>In Swedish:<\/p>\n<h5>S:t Olavsleden &#8211; pilgrimsf\u00e4rd fr\u00e5n hav till hav, en guide. By Staffan S\u00f6derlind and Marie Sj\u00f6str\u00f6m<\/h5>\n<p>There is also an English translation:<\/p>\n<h5>St. Olavsleden &#8211; a pilgrims path in northern Scandinavia.<\/h5>\n<hr \/>\n<h3 class=\"title\"><a href=\"https:\/\/i0.wp.com\/www.stiklestadpilgrimcenter.org\/wp-content\/uploads\/2017\/02\/olavspad.jpg\"><img data-attachment-id=\"249\" data-permalink=\"https:\/\/www.stiklestadpilgrimcenter.org\/nb\/sites\/olavspad\/\" data-orig-file=\"https:\/\/www.stiklestadpilgrimcenter.org\/wp-content\/uploads\/2017\/02\/olavspad.jpg\" data-orig-size=\"163,275\" data-comments-opened=\"1\" data-image-meta=\"{&quot;aperture&quot;:&quot;0&quot;,&quot;credit&quot;:&quot;&quot;,&quot;camera&quot;:&quot;&quot;,&quot;caption&quot;:&quot;&quot;,&quot;created_timestamp&quot;:&quot;0&quot;,&quot;copyright&quot;:&quot;&quot;,&quot;focal_length&quot;:&quot;0&quot;,&quot;iso&quot;:&quot;0&quot;,&quot;shutter_speed&quot;:&quot;0&quot;,&quot;title&quot;:&quot;&quot;,&quot;orientation&quot;:&quot;0&quot;}\" data-image-title=\"olavspad\" data-image-description=\"\" data-image-caption=\"\" data-medium-file=\"https:\/\/www.stiklestadpilgrimcenter.org\/wp-content\/uploads\/2017\/02\/olavspad.jpg\" data-large-file=\"https:\/\/www.stiklestadpilgrimcenter.org\/wp-content\/uploads\/2017\/02\/olavspad.jpg\" loading=\"lazy\" class=\"alignleft wp-image-249\" src=\"https:\/\/i0.wp.com\/www.stiklestadpilgrimcenter.org\/wp-content\/uploads\/2017\/02\/olavspad.jpg?resize=102%2C172\" alt=\"\" width=\"102\" height=\"172\" data-recalc-dims=\"1\" \/><\/a><\/h3>\n<p>Dutch:<\/p>\n<h5>St. Olavsweg<br \/>\nS:t Olavsleden Schweden von Sel\u00e5nger nach Trondheim. By Ria Warmerdam.<\/h5>\n<p>There is also a German translation:<\/p>\n<h5>St. Olavsweg<br \/>\nS:T Olavsleden Schweden Von Sel\u00e5nger nach Trondheim<\/h5>\n<hr \/>\n<p><a href=\"http:\/\/www.stiklestadpilgrimcenter.org\/wp-content\/uploads\/2019\/03\/schildmann.jpg\"><br \/>\n<img data-attachment-id=\"502\" data-permalink=\"https:\/\/www.stiklestadpilgrimcenter.org\/nb\/sites\/schildmann\/\" data-orig-file=\"https:\/\/www.stiklestadpilgrimcenter.org\/wp-content\/uploads\/2019\/03\/schildmann.jpg\" data-orig-size=\"1044,1360\" data-comments-opened=\"1\" data-image-meta=\"{&quot;aperture&quot;:&quot;0&quot;,&quot;credit&quot;:&quot;&quot;,&quot;camera&quot;:&quot;&quot;,&quot;caption&quot;:&quot;&quot;,&quot;created_timestamp&quot;:&quot;0&quot;,&quot;copyright&quot;:&quot;&quot;,&quot;focal_length&quot;:&quot;0&quot;,&quot;iso&quot;:&quot;0&quot;,&quot;shutter_speed&quot;:&quot;0&quot;,&quot;title&quot;:&quot;&quot;,&quot;orientation&quot;:&quot;0&quot;}\" data-image-title=\"schildmann\" data-image-description=\"\" data-image-caption=\"\" data-medium-file=\"https:\/\/www.stiklestadpilgrimcenter.org\/wp-content\/uploads\/2019\/03\/schildmann-230x300.jpg\" data-large-file=\"https:\/\/www.stiklestadpilgrimcenter.org\/wp-content\/uploads\/2019\/03\/schildmann-786x1024.jpg\" loading=\"lazy\" class=\"alignleft wp-image-502\" src=\"https:\/\/i1.wp.com\/www.stiklestadpilgrimcenter.org\/wp-content\/uploads\/2019\/03\/schildmann-786x1024.jpg?resize=100%2C130\" alt=\"\" width=\"100\" height=\"130\" srcset=\"https:\/\/i0.wp.com\/www.stiklestadpilgrimcenter.org\/wp-content\/uploads\/2019\/03\/schildmann.jpg?resize=786%2C1024&amp;ssl=1 786w, https:\/\/i0.wp.com\/www.stiklestadpilgrimcenter.org\/wp-content\/uploads\/2019\/03\/schildmann.jpg?resize=230%2C300&amp;ssl=1 230w, https:\/\/i0.wp.com\/www.stiklestadpilgrimcenter.org\/wp-content\/uploads\/2019\/03\/schildmann.jpg?resize=768%2C1000&amp;ssl=1 768w, https:\/\/i0.wp.com\/www.stiklestadpilgrimcenter.org\/wp-content\/uploads\/2019\/03\/schildmann.jpg?resize=600%2C782&amp;ssl=1 600w, https:\/\/i0.wp.com\/www.stiklestadpilgrimcenter.org\/wp-content\/uploads\/2019\/03\/schildmann.jpg?w=1044&amp;ssl=1 1044w\" sizes=\"(max-width: 100px) 100vw, 100px\" data-recalc-dims=\"1\" \/><\/a>In German:<\/p>\n<h5>Auf dem Olavsweg durch Schweden: Unterwegs auf dem St. Olavsleden von Sel\u00e5nger nach Trondheim. By Michael Schildmann<\/h5>","protected":false},"excerpt":{"rendered":"<p>Infomagazines 2020 &#8211; Norwegian and English There are two official information webpages about S:t Olavsleden. On these sites you&#8217;ll find maps, information about accomodation, contact information to the various local pilgrim centers, pilgrim hiking tips, tour offers and more. For maps an info ablout the trail, take a look at stolavsleden.com Other sites S:T Olavsleden&hellip; <\/p>","protected":false},"author":1,"featured_media":422,"parent":0,"menu_order":0,"comment_status":"closed","ping_status":"open","template":"","meta":{"spay_email":""},"jetpack_sharing_enabled":true,"jetpack_shortlink":"https:\/\/wp.me\/P8ovk6-2","jetpack-related-posts":[{"id":49,"url":"https:\/\/www.stiklestadpilgrimcenter.org\/nb\/shop\/","url_meta":{"origin":2,"position":0},"title":"Opplev St. Olavsleden","date":"februar 10, 2017","format":false,"excerpt":"Her finner du guidede pilegrimsvandringer p\u00e5 St. Olavsleden i Norge.","rel":"","context":"Liknende innlegg","img":{"alt_text":"","src":"https:\/\/i1.wp.com\/www.stiklestadpilgrimcenter.org\/wp-content\/uploads\/2020\/04\/Frosta-scaled.jpg?resize=350%2C200&ssl=1","width":350,"height":200},"classes":[]},{"id":188,"url":"https:\/\/www.stiklestadpilgrimcenter.org\/nb\/about\/","url_meta":{"origin":2,"position":1},"title":"Om senteret","date":"april 30, 2017","format":false,"excerpt":"Stiklestad Pilgrim Center is owned by the municipalities Verdal, Levanger, Frosta, Stj\u00f8rdal and Malvik, together with Stiklestad National Cultural center and The Diocese of Nidaros. The pilgrim center gets additional funding from Tr\u00f8ndelag County and The National Pilgrim Center, and through various projects. My name is Heidi Carine Brimi. I'm\u2026","rel":"","context":"Liknende innlegg","img":{"alt_text":"","src":"https:\/\/i0.wp.com\/www.stiklestadpilgrimcenter.org\/wp-content\/uploads\/2019\/03\/mindre_DSC4552red.jpg?resize=350%2C200&ssl=1","width":350,"height":200},"classes":[]},{"id":11,"url":"https:\/\/www.stiklestadpilgrimcenter.org\/nb\/contact\/","url_meta":{"origin":2,"position":2},"title":"Kontakt","date":"februar 9, 2017","format":false,"excerpt":"Note: The pilgrim center does not have any rooms. If you want to book a room at the Medieval Guest House or a hotel room at Stiklestad, go to this page.","rel":"","context":"Liknende innlegg","img":{"alt_text":"","src":"https:\/\/i0.wp.com\/www.stiklestadpilgrimcenter.org\/wp-content\/uploads\/2017\/06\/2017-06-02-16.44.28-scaled.jpg?resize=350%2C200&ssl=1","width":350,"height":200},"classes":[]},{"id":3436,"url":"https:\/\/www.stiklestadpilgrimcenter.org\/nb\/infomagazine-2020\/","url_meta":{"origin":2,"position":3},"title":"Infomagasin 2020","date":"januar 6, 2020","format":false,"excerpt":"NORSK ENGLISH The new magazine is here!News, interviews, useful tips and more. Forewords by Herborg Finnset, the bishop of Nidaros. Printed copies of the magazine will be available at tourist information offices and pilgrim centers along the path. Click the link above and choose full screen. Enjoy! \u00c5rets magasin er\u2026","rel":"","context":"Liknende innlegg","img":{"alt_text":"","src":"https:\/\/i2.wp.com\/www.stiklestadpilgrimcenter.org\/wp-content\/uploads\/2020\/01\/magasin2020.jpg?resize=350%2C200&ssl=1","width":350,"height":200},"classes":[]},{"id":9,"url":"https:\/\/www.stiklestadpilgrimcenter.org\/nb\/home\/","url_meta":{"origin":2,"position":4},"title":"Hjem","date":"februar 9, 2017","format":false,"excerpt":"","rel":"","context":"Liknende innlegg","img":{"alt_text":"","src":"","width":0,"height":0},"classes":[]},{"id":50,"url":"https:\/\/www.stiklestadpilgrimcenter.org\/nb\/cart\/","url_meta":{"origin":2,"position":5},"title":"Cart","date":"februar 10, 2017","format":false,"excerpt":"","rel":"","context":"Liknende innlegg","img":{"alt_text":"","src":"","width":0,"height":0},"classes":[]}],"_links":{"self":[{"href":"https:\/\/www.stiklestadpilgrimcenter.org\/nb\/wp-json\/wp\/v2\/pages\/2"}],"collection":[{"href":"https:\/\/www.stiklestadpilgrimcenter.org\/nb\/wp-json\/wp\/v2\/pages"}],"about":[{"href":"https:\/\/www.stiklestadpilgrimcenter.org\/nb\/wp-json\/wp\/v2\/types\/page"}],"author":[{"embeddable":true,"href":"https:\/\/www.stiklestadpilgrimcenter.org\/nb\/wp-json\/wp\/v2\/users\/1"}],"replies":[{"embeddable":true,"href":"https:\/\/www.stiklestadpilgrimcenter.org\/nb\/wp-json\/wp\/v2\/comments?post=2"}],"version-history":[{"count":10,"href":"https:\/\/www.stiklestadpilgrimcenter.org\/nb\/wp-json\/wp\/v2\/pages\/2\/revisions"}],"predecessor-version":[{"id":3935,"href":"https:\/\/www.stiklestadpilgrimcenter.org\/nb\/wp-json\/wp\/v2\/pages\/2\/revisions\/3935"}],"wp:featuredmedia":[{"embeddable":true,"href":"https:\/\/www.stiklestadpilgrimcenter.org\/nb\/wp-json\/wp\/v2\/media\/422"}],"wp:attachment":[{"href":"https:\/\/www.stiklestadpilgrimcenter.org\/nb\/wp-json\/wp\/v2\/media?parent=2"}],"curies":[{"name":"wp","href":"https:\/\/api.w.org\/{rel}","templated":true}]}}