{"id":3436,"date":"2020-01-06T12:34:23","date_gmt":"2020-01-06T11:34:23","guid":{"rendered":"https:\/\/www.stiklestadpilgrimcenter.org\/?page_id=3436"},"modified":"2020-01-06T12:34:23","modified_gmt":"2020-01-06T11:34:23","slug":"infomagazine-2020","status":"publish","type":"page","link":"https:\/\/www.stiklestadpilgrimcenter.org\/nb\/infomagazine-2020\/","title":{"rendered":"Infomagasin 2020"},"content":{"rendered":"<p><a href=\"https:\/\/issuu.com\/stolavsleden\/docs\/st_olavsleden_infomagasin_2020\" target=\"_blank\" rel=\"noreferrer noopener\" aria-label=\" (opens in a new tab)\">NORSK <\/a><\/p>\n\n\n\n<p><a href=\"https:\/\/issuu.com\/stolavsleden\/docs\/st_olavsleden_info_magazine_2020\" target=\"_blank\" rel=\"noreferrer noopener\" aria-label=\"ENGLISH  (opens in a new tab)\">ENGLISH <\/a><\/p>\n\n\n\n<p><strong>The new magazine is here!<\/strong><br>News, interviews, useful tips and more.  Forewords by Herborg Finnset,  the bishop of Nidaros. <\/p>\n\n\n\n<p>Printed copies of the magazine will be available at tourist information offices and pilgrim centers along the path. <br>Click the link above and choose full screen.<\/p>\n\n\n\n<p>Enjoy!<\/p>\n\n\n\n<hr class=\"wp-block-separator\"\/>\n\n\n\n<p><strong>\u00c5rets magasin er klart! <\/strong><br>Nyheter, intervjuer, nyttige tips og mer. Forord av Herborg Finnset, biskop i Nidaros. <\/p>\n\n\n\n<p>Trykte eksemplarer av magasinet vil v\u00e6re tilgjengelige p\u00e5 turistinformasjonskontorer og pilegrimssentre langs leden.<br>Klikk p\u00e5 linken over og velg fullskjermsvisning.<\/p>\n\n\n\n<p>Kos deg med lesingen!<\/p>","protected":false},"excerpt":{"rendered":"<p>NORSK ENGLISH The new magazine is here!News, interviews, useful tips and more. Forewords by Herborg Finnset, the bishop of Nidaros. Printed copies of the magazine will be available at tourist information offices and pilgrim centers along the path. Click the link above and choose full screen. Enjoy! \u00c5rets magasin er klart! Nyheter, intervjuer, nyttige tips&hellip; <\/p>","protected":false},"author":1,"featured_media":3438,"parent":0,"menu_order":0,"comment_status":"closed","ping_status":"closed","template":"","meta":{"spay_email":""},"jetpack_sharing_enabled":true,"jetpack_shortlink":"https:\/\/wp.me\/P8ovk6-Tq","jetpack-related-posts":[{"id":474,"url":"https:\/\/www.stiklestadpilgrimcenter.org\/nb\/info-magazine-2019-2\/","url_meta":{"origin":3436,"position":0},"title":"Info Magazine 2019","date":"januar 31, 2019","format":false,"excerpt":"Infomagasin 2019 - Norsk Info magazine 2019 - English","rel":"","context":"Liknende innlegg","img":{"alt_text":"","src":"https:\/\/i1.wp.com\/www.stiklestadpilgrimcenter.org\/wp-content\/uploads\/2019\/01\/bloggpostmagasin.jpg?resize=350%2C200&ssl=1","width":350,"height":200},"classes":[]},{"id":347,"url":"https:\/\/www.stiklestadpilgrimcenter.org\/nb\/info-magazine-2018\/","url_meta":{"origin":3436,"position":1},"title":"Info Magazine 2018","date":"april 4, 2018","format":false,"excerpt":"","rel":"","context":"Liknende innlegg","img":{"alt_text":"Photo by Eskil Roll","src":"https:\/\/i2.wp.com\/www.stiklestadpilgrimcenter.org\/wp-content\/uploads\/2018\/04\/Storsjon.jpg?resize=350%2C200&ssl=1","width":350,"height":200},"classes":[]},{"id":459,"url":"https:\/\/www.stiklestadpilgrimcenter.org\/nb\/info-magazine-2019\/","url_meta":{"origin":3436,"position":2},"title":"Info Magazine 2019 &#8211; English","date":"januar 31, 2019","format":false,"excerpt":"Choose full screen","rel":"","context":"Liknende innlegg","img":{"alt_text":"","src":"","width":0,"height":0},"classes":[]}],"_links":{"self":[{"href":"https:\/\/www.stiklestadpilgrimcenter.org\/nb\/wp-json\/wp\/v2\/pages\/3436"}],"collection":[{"href":"https:\/\/www.stiklestadpilgrimcenter.org\/nb\/wp-json\/wp\/v2\/pages"}],"about":[{"href":"https:\/\/www.stiklestadpilgrimcenter.org\/nb\/wp-json\/wp\/v2\/types\/page"}],"author":[{"embeddable":true,"href":"https:\/\/www.stiklestadpilgrimcenter.org\/nb\/wp-json\/wp\/v2\/users\/1"}],"replies":[{"embeddable":true,"href":"https:\/\/www.stiklestadpilgrimcenter.org\/nb\/wp-json\/wp\/v2\/comments?post=3436"}],"version-history":[{"count":2,"href":"https:\/\/www.stiklestadpilgrimcenter.org\/nb\/wp-json\/wp\/v2\/pages\/3436\/revisions"}],"predecessor-version":[{"id":3439,"href":"https:\/\/www.stiklestadpilgrimcenter.org\/nb\/wp-json\/wp\/v2\/pages\/3436\/revisions\/3439"}],"wp:featuredmedia":[{"embeddable":true,"href":"https:\/\/www.stiklestadpilgrimcenter.org\/nb\/wp-json\/wp\/v2\/media\/3438"}],"wp:attachment":[{"href":"https:\/\/www.stiklestadpilgrimcenter.org\/nb\/wp-json\/wp\/v2\/media?parent=3436"}],"curies":[{"name":"wp","href":"https:\/\/api.w.org\/{rel}","templated":true}]}}