{"id":5346,"date":"2021-01-27T14:37:19","date_gmt":"2021-01-27T13:37:19","guid":{"rendered":"https:\/\/www.stiklestadpilgrimcenter.org\/?post_type=product&#038;p=5346"},"modified":"2021-04-16T12:24:06","modified_gmt":"2021-04-16T10:24:06","slug":"guidet-pilegrimsvandring-fra-stiklestad-til-nidarosdomen","status":"publish","type":"product","link":"https:\/\/www.stiklestadpilgrimcenter.org\/nb\/produkt\/guidet-pilegrimsvandring-fra-stiklestad-til-nidarosdomen\/","title":{"rendered":"Guidet pilegrimsvandring fra Stiklestad til Nidarosdomen"},"content":{"rendered":"<p><strong>Inkludert:<\/strong><\/p>\n<ul>\n<li>7 x overnatting<\/li>\n<li>Frokost alle dager unntatt f\u00f8rste dag<\/li>\n<li>Lunchpakke alle dager unntatt f\u00f8rste dag<\/li>\n<li>Middag alle dager bortsatt fra dag 8, siste dag<\/li>\n<li>Mindfulness og Quigong<\/li>\n<li>Guiding<\/li>\n<li>Bagasjetransport alle strekninger<\/li>\n<li>Pilegrimspass<\/li>\n<\/ul>\n<p>Alkohol er ikke inkludert, men kan kj\u00f8pes p\u00e5 noen av herbergene. Ta med egen sovepose.<\/p>\n<p><!--more--><\/p>\n<p>Stiklestad pilegrimsenter inviterer deg til \u00e5 bli med \u200b\u200bp\u00e5 pilegrimsvandring fra Stiklestad til Trondheim gjennom det historiske og vakre tr\u00f8nderske landskapet. P\u00e5 v\u00e5re guidede turer i 2020 venter det fantastiske naturopplevelser og kunnskap om regionens rike kulturarv. P\u00e5 denne guidede turen byr vi p\u00e5 fantastiske naturopplevelser og ny kunnskap om regionens rike kulturarv. Du vil ogs\u00e5 l\u00e6re enkle Mindfulness- og Qigong\u00f8velser.<\/p>\n<p>\u00c5 g\u00e5 i pilegrimers fotspor kan v\u00e6re en \u00e5ndelig reise s\u00e5 vel som en vakker naturopplevelse. P\u00e5 vei til Nidarosdomen vil du v\u00e6re en del av et fellesskap, l\u00e6re historie, bes\u00f8ke tradisjonelle pilegrimsherberger og spise lokal mat. Vi legger vekt p\u00e5 opplevelser som stimulerer til refleksjon og glede. Vi vil l\u00e6re om og bruke Mindfulness og Qigong daglig.<\/p>\n<p>Vikingtidshistorie er sv\u00e6rt rik i denne landsdelen. P\u00e5 turen bruker vi Tr\u00f8ndelags historie og arkeologi for \u00e5 l\u00e6re om overgangen fra hedendom til kristendom i St. Olavs tid. Vi vil ogs\u00e5 l\u00e6re om myter og tradisjoner, om planter og natur.<\/p>\n<p>Vi starter v\u00e5r pilegrimsvandring p\u00e5 Stiklestad s\u00f8ndag 15. august med velkomstmiddag og guidet tur i Stiklastadir, en rekonstruert middelalderg\u00e5rd med langhus og gjesteloft fra St. Olavs tid.<\/p>\n<p>Vi g\u00e5r ca. 20 km per dag med dagstursekk. Kupert terreng, ingen fjell. Stien er en blanding av grusveier, asfalt og skogsstier.<\/p>\n<p>Overnatting p\u00e5 Stiklestad hotell f\u00f8rste natten. Det er ingen overnatting dagen vi ankommer Trondheim. Ta med sovepose. Hvis du trenger overnatting i Trondheim, anbefaler vi Nidaros Pilegrimsg\u00e5rd.<\/p>\n<p><strong>Om guidene:<\/strong><\/p>\n<p>Heidi Troset bor p\u00e5 Troset g\u00e5rd. Hun har drevet Trosetklinikken siden \u00e5r 2000 hvor hun jobber som akupunkt\u00f8r og homeopat. Hun er instrukt\u00f8r i medisinsk Qigong og Mindfulness, og holder kurs for b\u00e5de privatpersoner, organisasjoner og bedrifter.<\/p>\n<p>Heidi Carine Brimi er daglig leder for Stiklestad Pilegrimssenter, vikingtidsarkeolog og naturelsker. Hun har guidet mennesker gjennom tiden og naturen i 25 \u00e5r.<\/p>\n<p><a href=\"https:\/\/www.stiklestadpilgrimcenter.org\/nb\/terms-and-conditions\/\">TERMS AND CONDITIONS<\/a><\/p>","protected":false},"excerpt":{"rendered":"<p><strong>Tidsrom: 30. august\u00a0 &#8211; 6. september 2021<\/strong><\/p>\n<p>Guidet pilegrimsvandring fra Stiklestad til Trondheim med Mindfulness og Qigong.<\/p>\n<p>Stiklestad pilegrimsenter inviterer deg til \u00e5 bli med \u200b\u200bp\u00e5 pilegrimsvandring fra Stiklestad til Trondheim gjennom det historiske og vakre tr\u00f8nderske landskapet. P\u00e5 v\u00e5re guidede turer i 2021 venter det fantastiske naturopplevelser og kunnskap om regionens rike kulturarv.<\/p>\n<p><a href=\"https:\/\/www.stiklestadpilgrimcenter.org\/nb\/terms-and-conditions\/\">Vilk\u00e5r<\/a><\/p>","protected":false},"featured_media":5348,"comment_status":"open","ping_status":"closed","template":"","meta":{"spay_email":""},"jetpack_publicize_connections":[],"jetpack_sharing_enabled":true,"jetpack-related-posts":[{"id":4966,"url":"https:\/\/www.stiklestadpilgrimcenter.org\/nb\/produkt\/fra-kloster-til-kloster-munkeby-tautra\/","url_meta":{"origin":5346,"position":0},"title":"UTSOLGT Fra kloster til kloster. Munkeby &#8211; Tautra 2021","date":"april 3, 2020","format":false,"excerpt":"28. Juli - 1. August 2021 Vandring i flatt terreng langs Trondheimsfjorden Vi inviterer til en 5-dagers pilegrimsvandring fra Munkeby kloster til Tautra kloster. Turen guides av DIALOG - \u00a0Jorun Mari B\u00f8rstad. Denne turen guides p\u00e5 norsk. This pilgrimage is guided in Norwegian.","rel":"","context":"Liknende innlegg","img":{"alt_text":"","src":"https:\/\/i2.wp.com\/www.stiklestadpilgrimcenter.org\/wp-content\/uploads\/2019\/10\/12932984_1584314968553093_1881945112386744727_n.jpg?resize=350%2C200&ssl=1","width":350,"height":200},"classes":[]}],"_links":{"self":[{"href":"https:\/\/www.stiklestadpilgrimcenter.org\/nb\/wp-json\/wp\/v2\/product\/5346"}],"collection":[{"href":"https:\/\/www.stiklestadpilgrimcenter.org\/nb\/wp-json\/wp\/v2\/product"}],"about":[{"href":"https:\/\/www.stiklestadpilgrimcenter.org\/nb\/wp-json\/wp\/v2\/types\/product"}],"replies":[{"embeddable":true,"href":"https:\/\/www.stiklestadpilgrimcenter.org\/nb\/wp-json\/wp\/v2\/comments?post=5346"}],"wp:featuredmedia":[{"embeddable":true,"href":"https:\/\/www.stiklestadpilgrimcenter.org\/nb\/wp-json\/wp\/v2\/media\/5348"}],"wp:attachment":[{"href":"https:\/\/www.stiklestadpilgrimcenter.org\/nb\/wp-json\/wp\/v2\/media?parent=5346"}],"curies":[{"name":"wp","href":"https:\/\/api.w.org\/{rel}","templated":true}]}}